{"id":2403,"date":"2025-09-18T16:20:15","date_gmt":"2025-09-18T16:20:15","guid":{"rendered":"https:\/\/abcydprojects.tipoink.com.co\/?page_id=2403"},"modified":"2025-09-18T18:06:00","modified_gmt":"2025-09-18T18:06:00","slug":"cuoco-lab","status":"publish","type":"page","link":"https:\/\/abcydprojects.tipoink.com.co\/index.php\/cuoco-lab\/","title":{"rendered":"cuoco lab"},"content":{"rendered":"\t\t<div data-elementor-type=\"wp-page\" data-elementor-id=\"2403\" class=\"elementor elementor-2403\">\n\t\t\t\t<div class=\"elementor-element elementor-element-0e5f943 e-flex e-con-boxed e-con e-parent\" data-id=\"0e5f943\" data-element_type=\"container\" data-settings=\"{&quot;background_background&quot;:&quot;classic&quot;}\">\n\t\t\t\t\t<div class=\"e-con-inner\">\n\t\t\t\t<div class=\"elementor-element elementor-element-3773b53 animated-slow elementor-invisible elementor-widget elementor-widget-image\" data-id=\"3773b53\" data-element_type=\"widget\" data-settings=\"{&quot;_animation&quot;:&quot;fadeInUp&quot;}\" data-widget_type=\"image.default\">\n\t\t\t\t\t\t\t\t\t\t\t\t\t\t\t<img fetchpriority=\"high\" decoding=\"async\" width=\"500\" height=\"170\" src=\"https:\/\/abcydprojects.tipoink.com.co\/wp-content\/uploads\/2025\/09\/logo-cuocolab-blanco.webp\" class=\"attachment-large size-large wp-image-2414\" alt=\"\" srcset=\"https:\/\/abcydprojects.tipoink.com.co\/wp-content\/uploads\/2025\/09\/logo-cuocolab-blanco.webp 500w, https:\/\/abcydprojects.tipoink.com.co\/wp-content\/uploads\/2025\/09\/logo-cuocolab-blanco-300x102.webp 300w\" sizes=\"(max-width: 500px) 100vw, 500px\" \/>\t\t\t\t\t\t\t\t\t\t\t\t\t\t\t<\/div>\n\t\t\t\t<div class=\"elementor-element elementor-element-a6c18cc animated-slow elementor-widget-divider--view-line elementor-invisible elementor-widget elementor-widget-divider\" data-id=\"a6c18cc\" data-element_type=\"widget\" data-settings=\"{&quot;_animation&quot;:&quot;zoomIn&quot;,&quot;_animation_delay&quot;:100}\" data-widget_type=\"divider.default\">\n\t\t\t\t\t\t\t<div class=\"elementor-divider\">\n\t\t\t<span class=\"elementor-divider-separator\">\n\t\t\t\t\t\t<\/span>\n\t\t<\/div>\n\t\t\t\t\t\t<\/div>\n\t\t\t\t\t<\/div>\n\t\t\t\t<\/div>\n\t\t<div class=\"elementor-element elementor-element-b45bf79 e-flex e-con-boxed e-con e-parent\" data-id=\"b45bf79\" data-element_type=\"container\">\n\t\t\t\t\t<div class=\"e-con-inner\">\n\t\t<div class=\"elementor-element elementor-element-07d16dc e-con-full e-flex e-con e-child\" data-id=\"07d16dc\" data-element_type=\"container\">\n\t\t<div class=\"elementor-element elementor-element-51b177c e-con-full e-flex e-con e-child\" data-id=\"51b177c\" data-element_type=\"container\">\n\t\t\t\t<div class=\"elementor-element elementor-element-89c3e26 animated-slow elementor-invisible elementor-widget elementor-widget-text-editor\" data-id=\"89c3e26\" data-element_type=\"widget\" data-settings=\"{&quot;_animation&quot;:&quot;fadeInRight&quot;,&quot;_animation_delay&quot;:200}\" data-widget_type=\"text-editor.default\">\n\t\t\t\t\t\t\t\t\t<p><span style=\"color: #000000;\"><strong>CUOCO LAB<\/strong> es una empresa de mobiliario arquitect\u00f3nico, enfocada a la excelencia en el dise\u00f1o y la calidad de los productos.<\/span><\/p><p><span style=\"color: #000000;\">Con un equipo que tiene m\u00e1s de 15 a\u00f1os de experiencia en importaci\u00f3n y comercializaci\u00f3n de mobiliario de alto nivel, ofrecen marcas exclusivas de Italia para tu hogar.<\/span><\/p>\t\t\t\t\t\t\t\t<\/div>\n\t\t\t\t<div class=\"elementor-element elementor-element-bce5580 animated-slow elementor-invisible elementor-widget elementor-widget-image\" data-id=\"bce5580\" data-element_type=\"widget\" data-settings=\"{&quot;_animation&quot;:&quot;fadeInUp&quot;,&quot;_animation_delay&quot;:300}\" data-widget_type=\"image.default\">\n\t\t\t\t\t\t\t\t\t\t\t\t\t\t\t\t<a href=\"https:\/\/abcydprojects.tipoink.com.co\/wp-content\/uploads\/2025\/09\/proyecto_Cocina_CUOCO-LAB_3.webp\" data-elementor-open-lightbox=\"yes\" data-elementor-lightbox-title=\"proyecto_Cocina_CUOCO-LAB_3\" data-e-action-hash=\"#elementor-action%3Aaction%3Dlightbox%26settings%3DeyJpZCI6MjQ1NywidXJsIjoiaHR0cHM6XC9cL2FiY3lkcHJvamVjdHMudGlwb2luay5jb20uY29cL3dwLWNvbnRlbnRcL3VwbG9hZHNcLzIwMjVcLzA5XC9wcm95ZWN0b19Db2NpbmFfQ1VPQ08tTEFCXzMud2VicCJ9\">\n\t\t\t\t\t\t\t<img decoding=\"async\" width=\"577\" height=\"460\" src=\"https:\/\/abcydprojects.tipoink.com.co\/wp-content\/uploads\/2025\/09\/proyecto_Cocina_CUOCO-LAB_3.webp\" class=\"elementor-animation-grow attachment-large size-large wp-image-2457\" alt=\"\" srcset=\"https:\/\/abcydprojects.tipoink.com.co\/wp-content\/uploads\/2025\/09\/proyecto_Cocina_CUOCO-LAB_3.webp 577w, https:\/\/abcydprojects.tipoink.com.co\/wp-content\/uploads\/2025\/09\/proyecto_Cocina_CUOCO-LAB_3-300x239.webp 300w\" sizes=\"(max-width: 577px) 100vw, 577px\" \/>\t\t\t\t\t\t\t\t<\/a>\n\t\t\t\t\t\t\t\t\t\t\t\t\t\t\t<\/div>\n\t\t\t\t<\/div>\n\t\t<div class=\"elementor-element elementor-element-bfd834f e-con-full e-flex e-con e-child\" data-id=\"bfd834f\" data-element_type=\"container\">\n\t\t\t\t<div class=\"elementor-element elementor-element-0b607d3 animated-slow elementor-invisible elementor-widget elementor-widget-image\" data-id=\"0b607d3\" data-element_type=\"widget\" data-settings=\"{&quot;_animation&quot;:&quot;fadeInUp&quot;,&quot;_animation_delay&quot;:300}\" data-widget_type=\"image.default\">\n\t\t\t\t\t\t\t\t\t\t\t\t\t\t\t\t<a href=\"https:\/\/abcydprojects.tipoink.com.co\/wp-content\/uploads\/2025\/09\/proyecto_Cocina_CUOCO-LAB_5.webp\" data-elementor-open-lightbox=\"yes\" data-elementor-lightbox-title=\"proyecto_Cocina_CUOCO-LAB_5\" data-e-action-hash=\"#elementor-action%3Aaction%3Dlightbox%26settings%3DeyJpZCI6MjQ0NywidXJsIjoiaHR0cHM6XC9cL2FiY3lkcHJvamVjdHMudGlwb2luay5jb20uY29cL3dwLWNvbnRlbnRcL3VwbG9hZHNcLzIwMjVcLzA5XC9wcm95ZWN0b19Db2NpbmFfQ1VPQ08tTEFCXzUud2VicCJ9\">\n\t\t\t\t\t\t\t<img decoding=\"async\" width=\"626\" height=\"422\" src=\"https:\/\/abcydprojects.tipoink.com.co\/wp-content\/uploads\/2025\/09\/proyecto_Cocina_CUOCO-LAB_5.webp\" class=\"elementor-animation-grow attachment-large size-large wp-image-2447\" alt=\"\" srcset=\"https:\/\/abcydprojects.tipoink.com.co\/wp-content\/uploads\/2025\/09\/proyecto_Cocina_CUOCO-LAB_5.webp 626w, https:\/\/abcydprojects.tipoink.com.co\/wp-content\/uploads\/2025\/09\/proyecto_Cocina_CUOCO-LAB_5-300x202.webp 300w\" sizes=\"(max-width: 626px) 100vw, 626px\" \/>\t\t\t\t\t\t\t\t<\/a>\n\t\t\t\t\t\t\t\t\t\t\t\t\t\t\t<\/div>\n\t\t\t\t<div class=\"elementor-element elementor-element-167a637 animated-slow elementor-invisible elementor-widget elementor-widget-heading\" data-id=\"167a637\" data-element_type=\"widget\" data-settings=\"{&quot;_animation&quot;:&quot;fadeInRight&quot;,&quot;_animation_delay&quot;:400}\" data-widget_type=\"heading.default\">\n\t\t\t\t\t<h1 class=\"elementor-heading-title elementor-size-default\">El arte del dise\u00f1o italiano, en cada detalle.<\/h1>\t\t\t\t<\/div>\n\t\t\t\t<\/div>\n\t\t\t\t<\/div>\n\t\t\t\t\t<\/div>\n\t\t\t\t<\/div>\n\t\t<div class=\"elementor-element elementor-element-61767f9 e-flex e-con-boxed e-con e-parent\" data-id=\"61767f9\" data-element_type=\"container\">\n\t\t\t\t\t<div class=\"e-con-inner\">\n\t\t<div class=\"elementor-element elementor-element-6373e39 e-con-full e-flex e-con e-child\" data-id=\"6373e39\" data-element_type=\"container\">\n\t\t\t\t<div class=\"elementor-element elementor-element-f206095 elementor-widget-divider--view-line elementor-invisible elementor-widget elementor-widget-divider\" data-id=\"f206095\" data-element_type=\"widget\" data-settings=\"{&quot;_animation&quot;:&quot;zoomIn&quot;,&quot;_animation_delay&quot;:500}\" data-widget_type=\"divider.default\">\n\t\t\t\t\t\t\t<div class=\"elementor-divider\">\n\t\t\t<span class=\"elementor-divider-separator\">\n\t\t\t\t\t\t<\/span>\n\t\t<\/div>\n\t\t\t\t\t\t<\/div>\n\t\t\t\t<div class=\"elementor-element elementor-element-0e33249 animated-slow elementor-invisible elementor-widget elementor-widget-heading\" data-id=\"0e33249\" data-element_type=\"widget\" data-settings=\"{&quot;_animation&quot;:&quot;fadeInUp&quot;,&quot;_animation_delay&quot;:600}\" data-widget_type=\"heading.default\">\n\t\t\t\t\t<h1 class=\"elementor-heading-title elementor-size-default\">Dise\u00f1amos y construimos cocinas italianas<\/h1>\t\t\t\t<\/div>\n\t\t\t\t<\/div>\n\t\t\t\t<div class=\"elementor-element elementor-element-561621a animated-slow elementor-widget-divider--view-line elementor-invisible elementor-widget elementor-widget-divider\" data-id=\"561621a\" data-element_type=\"widget\" data-settings=\"{&quot;_animation&quot;:&quot;zoomIn&quot;,&quot;_animation_delay&quot;:700}\" data-widget_type=\"divider.default\">\n\t\t\t\t\t\t\t<div class=\"elementor-divider\">\n\t\t\t<span class=\"elementor-divider-separator\">\n\t\t\t\t\t\t<\/span>\n\t\t<\/div>\n\t\t\t\t\t\t<\/div>\n\t\t\t\t\t<\/div>\n\t\t\t\t<\/div>\n\t\t<div class=\"elementor-element elementor-element-fadcaf8 e-flex e-con-boxed e-con e-parent\" data-id=\"fadcaf8\" data-element_type=\"container\">\n\t\t\t\t\t<div class=\"e-con-inner\">\n\t\t<div class=\"elementor-element elementor-element-2caca60 e-con-full e-flex e-con e-child\" data-id=\"2caca60\" data-element_type=\"container\">\n\t\t<div class=\"elementor-element elementor-element-8c0379e e-con-full e-flex e-con e-child\" data-id=\"8c0379e\" data-element_type=\"container\">\n\t\t\t\t<div class=\"elementor-element elementor-element-ae14d2b animated-slow elementor-invisible elementor-widget elementor-widget-image\" data-id=\"ae14d2b\" data-element_type=\"widget\" data-settings=\"{&quot;_animation&quot;:&quot;fadeInLeft&quot;,&quot;_animation_delay&quot;:800}\" data-widget_type=\"image.default\">\n\t\t\t\t\t\t\t\t\t\t\t\t\t\t\t\t<a href=\"https:\/\/abcydprojects.tipoink.com.co\/wp-content\/uploads\/2025\/09\/proyecto_Cocina_CUOCO-LAB_2.webp\" data-elementor-open-lightbox=\"yes\" data-elementor-lightbox-title=\"proyecto_Cocina_CUOCO-LAB_2\" data-e-action-hash=\"#elementor-action%3Aaction%3Dlightbox%26settings%3DeyJpZCI6MjQ1OCwidXJsIjoiaHR0cHM6XC9cL2FiY3lkcHJvamVjdHMudGlwb2luay5jb20uY29cL3dwLWNvbnRlbnRcL3VwbG9hZHNcLzIwMjVcLzA5XC9wcm95ZWN0b19Db2NpbmFfQ1VPQ08tTEFCXzIud2VicCJ9\">\n\t\t\t\t\t\t\t<img loading=\"lazy\" decoding=\"async\" width=\"463\" height=\"466\" src=\"https:\/\/abcydprojects.tipoink.com.co\/wp-content\/uploads\/2025\/09\/proyecto_Cocina_CUOCO-LAB_2.webp\" class=\"elementor-animation-grow attachment-large size-large wp-image-2458\" alt=\"cocina cuoco lab\" srcset=\"https:\/\/abcydprojects.tipoink.com.co\/wp-content\/uploads\/2025\/09\/proyecto_Cocina_CUOCO-LAB_2.webp 463w, https:\/\/abcydprojects.tipoink.com.co\/wp-content\/uploads\/2025\/09\/proyecto_Cocina_CUOCO-LAB_2-298x300.webp 298w, https:\/\/abcydprojects.tipoink.com.co\/wp-content\/uploads\/2025\/09\/proyecto_Cocina_CUOCO-LAB_2-150x150.webp 150w, https:\/\/abcydprojects.tipoink.com.co\/wp-content\/uploads\/2025\/09\/proyecto_Cocina_CUOCO-LAB_2-96x96.webp 96w\" sizes=\"(max-width: 463px) 100vw, 463px\" \/>\t\t\t\t\t\t\t\t<\/a>\n\t\t\t\t\t\t\t\t\t\t\t\t\t\t\t<\/div>\n\t\t\t\t<\/div>\n\t\t<div class=\"elementor-element elementor-element-e71386b e-con-full e-flex e-con e-child\" data-id=\"e71386b\" data-element_type=\"container\">\n\t\t\t\t<div class=\"elementor-element elementor-element-52a901a animated-slow elementor-invisible elementor-widget elementor-widget-image\" data-id=\"52a901a\" data-element_type=\"widget\" data-settings=\"{&quot;_animation&quot;:&quot;fadeInRight&quot;,&quot;_animation_delay&quot;:900}\" data-widget_type=\"image.default\">\n\t\t\t\t\t\t\t\t\t\t\t\t\t\t\t\t<a href=\"https:\/\/abcydprojects.tipoink.com.co\/wp-content\/uploads\/2025\/09\/proyecto_Cocina_CUOCO-LAB_4.webp\" data-elementor-open-lightbox=\"yes\" data-elementor-lightbox-title=\"proyecto_Cocina_CUOCO-LAB_4\" data-e-action-hash=\"#elementor-action%3Aaction%3Dlightbox%26settings%3DeyJpZCI6MjQ1NSwidXJsIjoiaHR0cHM6XC9cL2FiY3lkcHJvamVjdHMudGlwb2luay5jb20uY29cL3dwLWNvbnRlbnRcL3VwbG9hZHNcLzIwMjVcLzA5XC9wcm95ZWN0b19Db2NpbmFfQ1VPQ08tTEFCXzQud2VicCJ9\">\n\t\t\t\t\t\t\t<img loading=\"lazy\" decoding=\"async\" width=\"640\" height=\"352\" src=\"https:\/\/abcydprojects.tipoink.com.co\/wp-content\/uploads\/2025\/09\/proyecto_Cocina_CUOCO-LAB_4-1024x563.webp\" class=\"elementor-animation-grow attachment-large size-large wp-image-2455\" alt=\"\" srcset=\"https:\/\/abcydprojects.tipoink.com.co\/wp-content\/uploads\/2025\/09\/proyecto_Cocina_CUOCO-LAB_4-1024x563.webp 1024w, https:\/\/abcydprojects.tipoink.com.co\/wp-content\/uploads\/2025\/09\/proyecto_Cocina_CUOCO-LAB_4-300x165.webp 300w, https:\/\/abcydprojects.tipoink.com.co\/wp-content\/uploads\/2025\/09\/proyecto_Cocina_CUOCO-LAB_4-768x422.webp 768w, https:\/\/abcydprojects.tipoink.com.co\/wp-content\/uploads\/2025\/09\/proyecto_Cocina_CUOCO-LAB_4.webp 1440w\" sizes=\"(max-width: 640px) 100vw, 640px\" \/>\t\t\t\t\t\t\t\t<\/a>\n\t\t\t\t\t\t\t\t\t\t\t\t\t\t\t<\/div>\n\t\t\t\t<div class=\"elementor-element elementor-element-5e2ab53 animated-slow elementor-invisible elementor-widget elementor-widget-image\" data-id=\"5e2ab53\" data-element_type=\"widget\" data-settings=\"{&quot;_animation&quot;:&quot;fadeInUp&quot;,&quot;_animation_delay&quot;:1000}\" data-widget_type=\"image.default\">\n\t\t\t\t\t\t\t\t\t\t\t\t\t\t\t\t<a href=\"https:\/\/abcydprojects.tipoink.com.co\/wp-content\/uploads\/2025\/09\/proyecto_Cocina_CUOCO-LAB.webp\" data-elementor-open-lightbox=\"yes\" data-elementor-lightbox-title=\"proyecto_Cocina_CUOCO-LAB\" data-e-action-hash=\"#elementor-action%3Aaction%3Dlightbox%26settings%3DeyJpZCI6MjQ1OSwidXJsIjoiaHR0cHM6XC9cL2FiY3lkcHJvamVjdHMudGlwb2luay5jb20uY29cL3dwLWNvbnRlbnRcL3VwbG9hZHNcLzIwMjVcLzA5XC9wcm95ZWN0b19Db2NpbmFfQ1VPQ08tTEFCLndlYnAifQ%3D%3D\">\n\t\t\t\t\t\t\t<img loading=\"lazy\" decoding=\"async\" width=\"640\" height=\"637\" src=\"https:\/\/abcydprojects.tipoink.com.co\/wp-content\/uploads\/2025\/09\/proyecto_Cocina_CUOCO-LAB.webp\" class=\"elementor-animation-grow attachment-large size-large wp-image-2459\" alt=\"\" srcset=\"https:\/\/abcydprojects.tipoink.com.co\/wp-content\/uploads\/2025\/09\/proyecto_Cocina_CUOCO-LAB.webp 806w, https:\/\/abcydprojects.tipoink.com.co\/wp-content\/uploads\/2025\/09\/proyecto_Cocina_CUOCO-LAB-300x300.webp 300w, https:\/\/abcydprojects.tipoink.com.co\/wp-content\/uploads\/2025\/09\/proyecto_Cocina_CUOCO-LAB-150x150.webp 150w, https:\/\/abcydprojects.tipoink.com.co\/wp-content\/uploads\/2025\/09\/proyecto_Cocina_CUOCO-LAB-768x764.webp 768w, https:\/\/abcydprojects.tipoink.com.co\/wp-content\/uploads\/2025\/09\/proyecto_Cocina_CUOCO-LAB-96x96.webp 96w\" sizes=\"(max-width: 640px) 100vw, 640px\" \/>\t\t\t\t\t\t\t\t<\/a>\n\t\t\t\t\t\t\t\t\t\t\t\t\t\t\t<\/div>\n\t\t\t\t<\/div>\n\t\t\t\t<\/div>\n\t\t\t\t\t<\/div>\n\t\t\t\t<\/div>\n\t\t\t\t<\/div>\n\t\t","protected":false},"excerpt":{"rendered":"<p>CUOCO LAB es una empresa de mobiliario arquitect\u00f3nico, enfocada a la excelencia en el dise\u00f1o y la calidad de los productos. Con un equipo que tiene m\u00e1s de 15 a\u00f1os de experiencia en importaci\u00f3n y comercializaci\u00f3n de mobiliario de alto nivel, ofrecen marcas exclusivas de Italia para tu hogar. El arte del dise\u00f1o italiano, en [&hellip;]<\/p>\n","protected":false},"author":1,"featured_media":0,"parent":0,"menu_order":0,"comment_status":"closed","ping_status":"closed","template":"elementor_header_footer","meta":{"inline_featured_image":false,"footnotes":""},"class_list":["post-2403","page","type-page","status-publish","hentry"],"_links":{"self":[{"href":"https:\/\/abcydprojects.tipoink.com.co\/index.php\/wp-json\/wp\/v2\/pages\/2403","targetHints":{"allow":["GET"]}}],"collection":[{"href":"https:\/\/abcydprojects.tipoink.com.co\/index.php\/wp-json\/wp\/v2\/pages"}],"about":[{"href":"https:\/\/abcydprojects.tipoink.com.co\/index.php\/wp-json\/wp\/v2\/types\/page"}],"author":[{"embeddable":true,"href":"https:\/\/abcydprojects.tipoink.com.co\/index.php\/wp-json\/wp\/v2\/users\/1"}],"replies":[{"embeddable":true,"href":"https:\/\/abcydprojects.tipoink.com.co\/index.php\/wp-json\/wp\/v2\/comments?post=2403"}],"version-history":[{"count":0,"href":"https:\/\/abcydprojects.tipoink.com.co\/index.php\/wp-json\/wp\/v2\/pages\/2403\/revisions"}],"wp:attachment":[{"href":"https:\/\/abcydprojects.tipoink.com.co\/index.php\/wp-json\/wp\/v2\/media?parent=2403"}],"curies":[{"name":"wp","href":"https:\/\/api.w.org\/{rel}","templated":true}]}}